{"id":234,"date":"2020-04-02T20:00:19","date_gmt":"2020-04-02T18:00:19","guid":{"rendered":"http:\/\/heythemers.com\/themes\/calafate\/?page_id=234"},"modified":"2022-11-25T17:48:40","modified_gmt":"2022-11-25T16:48:40","slug":"art-science","status":"publish","type":"page","link":"https:\/\/radtkeart.eu\/","title":{"rendered":"ART &#038; SCIENCE"},"content":{"rendered":"<div class=\"grid kcm\"><\/div>\n","protected":false},"excerpt":{"rendered":"<p>Artysta interdyscyplinarny Art &#038; Science \/ Bio Art. Re\u017cyser, rze\u017abiarz, malarz, scenograf, fotograf, grafik, designer. Organizator wystaw, spektakli, event\u00f3w, festiwali. Lider convivium Slow Food Pomorze. Stypendysta Ministerstwa Kultury, Urz\u0119du Marsza\u0142kowskiego, Wydzia\u0142u Kultury Miasta Gda\u0144sk. Autor, wsp\u00f3\u0142autor, uczestnik kilkudziesi\u0119ciu wystaw indywidualnych i zbiorowych, spektakli teatralnych, scenografii, film\u00f3w, dokument\u00f3w filmowych i fotograficznych w Wenecji, Hanowerze, Oslo, Pary\u017cu, Monte Carlo, Mediolanie, Weil am Rhein, Kilonii, Le Mans, Wielopolu, Legnicy, Nowej Hucie, Krakowie, Gda\u0144sku, Radomiu, Sopocie, Wroc\u0142awiu, \u0141odzi, Poznaniu, Lublinie, Warszawie.<\/p>\n","protected":false},"author":1,"featured_media":0,"parent":0,"menu_order":0,"comment_status":"closed","ping_status":"closed","template":"template-portfolio.php","meta":{"footnotes":""},"class_list":["post-234","page","type-page","status-publish","hentry"],"_links":{"self":[{"href":"https:\/\/radtkeart.eu\/index.php\/wp-json\/wp\/v2\/pages\/234","targetHints":{"allow":["GET"]}}],"collection":[{"href":"https:\/\/radtkeart.eu\/index.php\/wp-json\/wp\/v2\/pages"}],"about":[{"href":"https:\/\/radtkeart.eu\/index.php\/wp-json\/wp\/v2\/types\/page"}],"author":[{"embeddable":true,"href":"https:\/\/radtkeart.eu\/index.php\/wp-json\/wp\/v2\/users\/1"}],"replies":[{"embeddable":true,"href":"https:\/\/radtkeart.eu\/index.php\/wp-json\/wp\/v2\/comments?post=234"}],"version-history":[{"count":3,"href":"https:\/\/radtkeart.eu\/index.php\/wp-json\/wp\/v2\/pages\/234\/revisions"}],"predecessor-version":[{"id":3446,"href":"https:\/\/radtkeart.eu\/index.php\/wp-json\/wp\/v2\/pages\/234\/revisions\/3446"}],"wp:attachment":[{"href":"https:\/\/radtkeart.eu\/index.php\/wp-json\/wp\/v2\/media?parent=234"}],"curies":[{"name":"wp","href":"https:\/\/api.w.org\/{rel}","templated":true}]}}